{"id":1212,"date":"2023-10-06T13:10:25","date_gmt":"2023-10-06T12:10:25","guid":{"rendered":"https:\/\/librosdeimpro.com\/?page_id=1212"},"modified":"2024-03-08T12:32:19","modified_gmt":"2024-03-08T11:32:19","slug":"politica-de-privacidad","status":"publish","type":"page","link":"https:\/\/librosdeimpro.com\/en\/politica-de-privacidad\/","title":{"rendered":"Politica de privacidad"},"content":{"rendered":"\n<p>Fecha efectiva: 2020-10-01<\/p>\n\n\n\n<p>Actualizado: 2023-10-06<\/p>\n\n\n\n<p>Esta Pol\u00edtica de privacidad explica las pol\u00edticas respecto a la recopilaci\u00f3n y el uso de la informaci\u00f3n que recogemos cuando accede a librosdeimpro.com (el \u00abServicio\u00bb). Esta Pol\u00edtica de privacidad describe sus derechos de privacidad y c\u00f3mo est\u00e1 protegido por las leyes de privacidad.<\/p>\n\n\n\n<p>Al usar nuestro Servicio, est\u00e1 dando su consentimiento para que recopilemos y usemos su informaci\u00f3n de acuerdo con esta Pol\u00edtica de privacidad. Le rogamos que no acceda o no utilice nuestro Servicio si no da su consentimiento para la recopilaci\u00f3n y el uso de su informaci\u00f3n como se describe en esta Pol\u00edtica de privacidad.<\/p>\n\n\n\n<p>El sitio est\u00e1 gestionado por Pablo Rodriguez Monedero, quien est\u00e1 autorizado para modificar esta Pol\u00edtica de privacidad en cualquier momento. Puede ocurrir sin previo aviso.<\/p>\n\n\n\n<p>Puedes contactar en info@madridimprovisa.com para ejercer tus derechos de correcci\u00f3n, rectificaci\u00f3n y eliminaci\u00f3n de tus datos.<\/p>\n","protected":false},"excerpt":{"rendered":"<p>Fecha efectiva: 2020-10-01 Actualizado: 2023-10-06 Esta Pol\u00edtica de privacidad explica las pol\u00edticas respecto a la recopilaci\u00f3n y el uso de la informaci\u00f3n que recogemos cuando accede a librosdeimpro.com (el \u00abServicio\u00bb). Esta Pol\u00edtica de privacidad describe sus derechos de privacidad y c\u00f3mo est\u00e1 protegido por las leyes de privacidad. Al usar nuestro Servicio, est\u00e1 dando su consentimiento para que recopilemos y usemos su informaci\u00f3n de acuerdo con esta Pol\u00edtica de privacidad. Le rogamos que no acceda o no utilice nuestro Servicio si no da su consentimiento para la recopilaci\u00f3n y el uso de su informaci\u00f3n como se describe en esta Pol\u00edtica de privacidad. El sitio est\u00e1 gestionado por Pablo Rodriguez Monedero, quien est\u00e1 autorizado para modificar esta Pol\u00edtica de privacidad en cualquier momento. Puede ocurrir sin previo aviso. Puedes contactar en info@madridimprovisa.com para ejercer tus derechos de correcci\u00f3n, rectificaci\u00f3n y eliminaci\u00f3n de tus datos.<\/p>\n","protected":false},"author":1,"featured_media":0,"parent":0,"menu_order":0,"comment_status":"closed","ping_status":"closed","template":"","meta":{"footnotes":""},"class_list":["post-1212","page","type-page","status-publish","hentry"],"featured_image_url":[],"post_author":"librosdeimpro","assigned_categories":"","_links":{"self":[{"href":"https:\/\/librosdeimpro.com\/en\/wp-json\/wp\/v2\/pages\/1212","targetHints":{"allow":["GET"]}}],"collection":[{"href":"https:\/\/librosdeimpro.com\/en\/wp-json\/wp\/v2\/pages"}],"about":[{"href":"https:\/\/librosdeimpro.com\/en\/wp-json\/wp\/v2\/types\/page"}],"author":[{"embeddable":true,"href":"https:\/\/librosdeimpro.com\/en\/wp-json\/wp\/v2\/users\/1"}],"replies":[{"embeddable":true,"href":"https:\/\/librosdeimpro.com\/en\/wp-json\/wp\/v2\/comments?post=1212"}],"version-history":[{"count":3,"href":"https:\/\/librosdeimpro.com\/en\/wp-json\/wp\/v2\/pages\/1212\/revisions"}],"predecessor-version":[{"id":1376,"href":"https:\/\/librosdeimpro.com\/en\/wp-json\/wp\/v2\/pages\/1212\/revisions\/1376"}],"wp:attachment":[{"href":"https:\/\/librosdeimpro.com\/en\/wp-json\/wp\/v2\/media?parent=1212"}],"curies":[{"name":"wp","href":"https:\/\/api.w.org\/{rel}","templated":true}]}}